{"id":7,"date":"2010-02-18T23:00:42","date_gmt":"2010-02-18T23:00:42","guid":{"rendered":"http:\/\/www.laproduktiva.com\/nando\/?page_id=7"},"modified":"2025-12-10T15:04:12","modified_gmt":"2025-12-10T15:04:12","slug":"noticies","status":"publish","type":"page","link":"https:\/\/www.laproduktiva.com\/nando\/","title":{"rendered":"Biografia"},"content":{"rendered":"<div class=\"wp-block-image\">\n<figure class=\"alignleft size-full is-resized\"><img loading=\"lazy\" decoding=\"async\" width=\"1707\" height=\"2560\" src=\"https:\/\/www.laproduktiva.com\/nando\/wp-content\/uploads\/NandoCaballero-scaled.jpg\" alt=\"\" class=\"wp-image-4318\" style=\"width:350px\" srcset=\"https:\/\/www.laproduktiva.com\/nando\/wp-content\/uploads\/NandoCaballero-scaled.jpg 1707w, https:\/\/www.laproduktiva.com\/nando\/wp-content\/uploads\/NandoCaballero-149x224.jpg 149w, https:\/\/www.laproduktiva.com\/nando\/wp-content\/uploads\/NandoCaballero-768x1152.jpg 768w, https:\/\/www.laproduktiva.com\/nando\/wp-content\/uploads\/NandoCaballero-1024x1536.jpg 1024w, https:\/\/www.laproduktiva.com\/nando\/wp-content\/uploads\/NandoCaballero-1365x2048.jpg 1365w\" sizes=\"auto, (max-width: 1707px) 100vw, 1707px\" \/><\/figure>\n<\/div>\n\n\n<p>Vaig n\u00e9ixer a Barcelona el 1968, cr\u00e9ixer a Ciutat Badia i visc a Sabadell des de fa molts anys. Entre altres coses, als 80 vaig ser baixista de heavy metal i estudiant de Belles Arts i als 90, pintor de quadres i cantautor. La meva relaci\u00f3 amb la r\u00e0dio va comen\u00e7ar a R\u00e0dio Barber\u00e0 a finals dels anys 80 i a principis dels anys 90 vaig comen\u00e7ar professionalment a treballar com a t\u00e8cnic de so a R\u00e0dio Sabadell, a l&#8217;antiga EAJ-20 del carrer Convent.<\/p>\n\n\n\n<p>Des de 1995 treballo a La Xarxa (abans COM R\u00e0dio). Ara estic al departament de realitzaci\u00f3 (TV) com a c\u00e0mera i muntador, per\u00f2 vaig presentar i dirigir de 1996 al 2016 <a href=\"https:\/\/www.facebook.com\/laltracaradelalluna\" target=\"_blank\" rel=\"noreferrer noopener\">L&#8217;altra cara de la Lluna<\/a>, el magazine musical independent de l&#8217;emissora.<\/p>\n\n\n\n<p>Amb l&#8217;arribada del nou mil\u00b7lenni, vaig tocar el baix el\u00e8ctric durant gaireb\u00e9 deu anys amb <a href=\"http:\/\/www.laproduktiva.com\/elsobrinodeldiablo\/\" target=\"_blank\" rel=\"noopener noreferrer\">El Sobrino del Diablo<\/a>, amb qui l&#8217;any 2004 vaig coescriure la primera biografia en castell\u00e0 del m\u00f3n dedicada a <a href=\"https:\/\/www.edmilenio.com\/esp\/introduccion-a-frank-zappa.html\">Frank Zappa<\/a>. Tamb\u00e9 soc&nbsp;el fundador i responsable de <a href=\"http:\/\/www.laproduktiva.com\/\">La Produktiva Records<\/a>.&nbsp;L&#8217;any 2010 debuto musicalment en solitari amb \u00abVuit dissabtes d&#8217;hivern\u00bb, que aniria seguit d&#8217;altres dos discos: \u00abDolors i maldecaps\u00bb (2011) i \u00abPlantes d&#8217;interior\u00bb (2012). Un infart i una operaci\u00f3 de cor em van tenir fora de combat gaireb\u00e9 tot el 2013 i bona part de l&#8217;any seg\u00fcent, per\u00f2 la tardor del 2014 vaig editar un EP de retorn anomenat \u00abAbracadabra\u00bb. Encara que continuo gravant can\u00e7ons <a href=\"https:\/\/nandocaballero.bandcamp.com\/\" target=\"_blank\" rel=\"noreferrer noopener\">de tant en tant<\/a>, he deixat totalment de fer concerts des d&#8217;aquest moment.<\/p>\n\n\n\n<p>Com a dinamitzador cultural, he sigut l&#8217;organitzador i responsable de les tres edicions del <a href=\"https:\/\/www.facebook.com\/sabadellveggiefest\" target=\"_blank\" rel=\"noreferrer noopener\">Sabadell Veggie Fest<\/a> (2015-2017), un festival gastron\u00f2mic i musical amb el vegetarianisme com a fil conductor, i de l&#8217;<a href=\"http:\/\/www.laproduktiva.com\/indocumentari\/\" target=\"_blank\" rel=\"noreferrer noopener\">inDOCumentari<\/a>, el festival de cine documental de Sabadell.<\/p>\n\n\n\n<p>El 2015 surt a la venda \u00abRocanrol\u00bb, la meva primera novel\u00b7la editada pel projecte editorial propi: <a href=\"http:\/\/www.laproduktiva.com\/books\/\" target=\"_blank\" rel=\"noopener noreferrer\">La Produktiva Books<\/a>. Tamb\u00e9 durant aquest any la productora <a href=\"http:\/\/www.plansfilms.com\/\" target=\"_blank\" rel=\"noopener noreferrer\">Plans Films<\/a> realitza un documental sobre mi anomenat <a href=\"https:\/\/www.filmin.es\/pelicula\/rocanrolcor\" target=\"_blank\" rel=\"noreferrer noopener\">\u00abRocanrolCor\u00bb<\/a>. El 2016 neix <a href=\"http:\/\/www.laproduktiva.com\/films\/\" target=\"_blank\" rel=\"noopener noreferrer\">La Produktiva Films<\/a> i entre videoclip i videoclip, comen\u00e7o a produir, dirigir i fer documentals musicals.<\/p>\n\n\n\n<p>Durant la pand\u00e8mia del 2020 materialitzo una idea que feia temps que em rondava pel cap, fer el meu primer llargmetratge de ficci\u00f3. Dit i fet, despr\u00e9s d&#8217;escriure el gui\u00f3, buscar les actrius, l&#8217;equip t\u00e8cnic, la preproducci\u00f3 i tres milions de maldecaps m\u00e9s, a l&#8217;estiu del 2021 comen\u00e7a el rodatge de <a href=\"https:\/\/www.laproduktiva.com\/films\/lultim-salt\/\" target=\"_blank\" rel=\"noreferrer noopener\">\u00abL&#8217;\u00faltim salt\u00bb<\/a>, un drama indie en clau LGTBIQ+ que es va estrenar a l&#8217;estiu del 2022 i que podeu trobar a la plataforma <a href=\"https:\/\/www.filmin.es\/pelicula\/el-ultimo-salto\" target=\"_blank\" rel=\"noreferrer noopener\">Filmin<\/a>, <a href=\"https:\/\/www.filmin.cat\/pelicula\/lultim-salt\" target=\"_blank\" rel=\"noreferrer noopener\">FilminCAT<\/a> i <a href=\"https:\/\/www.laxarxames.cat\/movie-details\/3469495\" target=\"_blank\" rel=\"noreferrer noopener\">La Xarxa+<\/a>.<\/p>\n\n\n\n<p>El 2023 comen\u00e7a amb m\u00e9s projectes cinematogr\u00e0fics: la preparaci\u00f3 d&#8217;un segon llargmetratge i la realitzaci\u00f3 de&nbsp;diversos&nbsp;curtmetratges i dos documentals musicals. <a href=\"https:\/\/www.laproduktiva.com\/films\/smoke-smoke-smoke\/\" target=\"_blank\" rel=\"noreferrer noopener\">\u00abSmoke, smoke, smoke\u00bb<\/a> \u00e9s un d&#8217;aquests curtmetratges amb la transf\u00f2bia com argument.<\/p>\n\n\n\n<p>El 2024 portem a terme el rodatge d&#8217;<a href=\"https:\/\/www.laproduktiva.com\/films\/eva-i-bea\/\" target=\"_blank\" rel=\"noreferrer noopener\">\u00abEva i Bea\u00bb<\/a>, el meu segon llargmetratge, tamb\u00e9 amb clau LGTBIQ+ i que comencem a presentar el 2025 juntament amb un altre projecte molt especial: <a href=\"https:\/\/www.laproduktiva.com\/films\/clams-fent-espai-a-lamor\/\" target=\"_blank\" rel=\"noreferrer noopener\">\u00abCLAMS, fent espai a l&#8217;amor\u00bb<\/a>, un documental sobre un grup de pop-rock barcelon\u00ed amb coristes amb diversitat funcional.<\/p>\n\n\n\n<p><\/p>\n","protected":false},"excerpt":{"rendered":"<p>Vaig n\u00e9ixer a Barcelona el 1968, cr\u00e9ixer a Ciutat Badia i visc a Sabadell des de fa molts anys. Entre altres coses, als 80 vaig ser baixista de heavy metal &#8230;<\/p>\n","protected":false},"author":1,"featured_media":0,"parent":0,"menu_order":0,"comment_status":"closed","ping_status":"closed","template":"template-frontpage.php","meta":{"footnotes":""},"class_list":["post-7","page","type-page","status-publish","hentry"],"_links":{"self":[{"href":"https:\/\/www.laproduktiva.com\/nando\/wp-json\/wp\/v2\/pages\/7","targetHints":{"allow":["GET"]}}],"collection":[{"href":"https:\/\/www.laproduktiva.com\/nando\/wp-json\/wp\/v2\/pages"}],"about":[{"href":"https:\/\/www.laproduktiva.com\/nando\/wp-json\/wp\/v2\/types\/page"}],"author":[{"embeddable":true,"href":"https:\/\/www.laproduktiva.com\/nando\/wp-json\/wp\/v2\/users\/1"}],"replies":[{"embeddable":true,"href":"https:\/\/www.laproduktiva.com\/nando\/wp-json\/wp\/v2\/comments?post=7"}],"version-history":[{"count":160,"href":"https:\/\/www.laproduktiva.com\/nando\/wp-json\/wp\/v2\/pages\/7\/revisions"}],"predecessor-version":[{"id":4352,"href":"https:\/\/www.laproduktiva.com\/nando\/wp-json\/wp\/v2\/pages\/7\/revisions\/4352"}],"wp:attachment":[{"href":"https:\/\/www.laproduktiva.com\/nando\/wp-json\/wp\/v2\/media?parent=7"}],"curies":[{"name":"wp","href":"https:\/\/api.w.org\/{rel}","templated":true}]}}