{"id":935,"date":"2025-08-13T18:15:50","date_gmt":"2025-08-13T18:15:50","guid":{"rendered":"https:\/\/www.laproduktiva.com\/indocumentari\/?page_id=935"},"modified":"2025-11-22T20:45:13","modified_gmt":"2025-11-22T19:45:13","slug":"2020-2","status":"publish","type":"page","link":"https:\/\/www.laproduktiva.com\/indocumentari\/2020-2\/","title":{"rendered":"2020"},"content":{"rendered":"\n<blockquote class=\"wp-block-quote is-layout-flow wp-block-quote-is-layout-flow\">\n<h5 class=\"wp-block-heading\">La quarta edici\u00f3 del festival inDOCumentari s&#8217;anava a realitzar a <a href=\"https:\/\/lestruch.sabadell.cat\/\" target=\"_blank\" rel=\"noreferrer noopener\">L&#8217;Estruch F\u00e0brica de Creaci\u00f3<\/a>, per\u00f2 la pand\u00e8mia va obligar a suspendre les projeccions presencials. Finalment, es va acabar fent un festival en l\u00ednia a trav\u00e9s de <a href=\"https:\/\/tv.festhome.com\/ondemand\" target=\"_blank\" rel=\"noreferrer noopener\">Festhome TV<\/a>. Els documentals seleccionats van ser els seg\u00fcents:<\/h5>\n<\/blockquote>\n\n\n\n<div class=\"wp-block-media-text alignwide is-stacked-on-mobile is-vertically-aligned-center\" style=\"grid-template-columns:25% auto\"><figure class=\"wp-block-media-text__media\"><img loading=\"lazy\" decoding=\"async\" width=\"717\" height=\"1024\" src=\"http:\/\/www.laproduktiva.com\/indocumentari\/wp-content\/uploads\/CARTEL-EQUIPO-D-717x1024.jpg\" alt=\"\" class=\"wp-image-878 size-full\"\/><\/figure><div class=\"wp-block-media-text__content\">\n<p><strong>Equipo D, los c\u00f3digos olvidados<\/strong><br>de Jorge Laplace<br><strong>Documental guanyador<\/strong><\/p>\n\n\n\n<p><em>Durant la II Guerra Mundial es va lliurar una batalla secreta per desxifrar els codis nazis emesos per la m\u00e0quina Enigma. Una partida d&#8217;escacs entre les ments m\u00e9s brillants de l&#8217;\u00e8poca, vital per resoldre el conflicte b\u00e8l\u00b7lic m\u00e9s gran del segle XX i el dest\u00ed d&#8217;Europa. En aquesta lluita apassionant el paper de l&#8217;Equip D, format per espanyols republicans a l&#8217;exili, va ser tant decisiu com desconegut.<\/em><\/p>\n\n\n\n<p>Pa\u00eds: Espanya<br>Durada: 61\u2032<br>Idioma: Castell\u00e0<\/p>\n<\/div><\/div>\n\n\n\n<div class=\"wp-block-media-text alignwide is-stacked-on-mobile is-vertically-aligned-center\" style=\"grid-template-columns:25% auto\"><figure class=\"wp-block-media-text__media\"><img loading=\"lazy\" decoding=\"async\" width=\"724\" height=\"1024\" src=\"http:\/\/www.laproduktiva.com\/indocumentari\/wp-content\/uploads\/Lejsara_poster-724x1024.jpg\" alt=\"\" class=\"wp-image-876 size-full\"\/><\/figure><div class=\"wp-block-media-text__content\">\n<p><strong>Lejsara<\/strong><br>de Rub\u00e9n Capilla i Marc Ferr\u00e0<br><strong>Curtmetratge guanyador<\/strong><\/p>\n\n\n\n<p><em>Lejsara \u00e9s un documental sobre dos mons: Tinduf i Mallorca. La protagonista, Lejsara, t\u00e9 dotze anys i, gr\u00e0cies al projecte \u201cVacances en pau\u201d, passar\u00e0 el tercer i el passat estiu a Espanya amb la seva fam\u00edlia d\u2019acollida. La pel\u00b7l\u00edcula pregunta si aquest programa permet als seus fills tastar un tros de past\u00eds i despr\u00e9s se\u2019ls treu.<\/em>&nbsp;<\/p>\n\n\n\n<p>Pa\u00eds: Espanya<br>Durada: 20\u2032<br>Idioma: Catal\u00e0 i castell\u00e0<\/p>\n<\/div><\/div>\n\n\n\n<div class=\"wp-block-media-text alignwide is-stacked-on-mobile is-vertically-aligned-center\" style=\"grid-template-columns:25% auto\"><figure class=\"wp-block-media-text__media\"><img loading=\"lazy\" decoding=\"async\" width=\"724\" height=\"1024\" src=\"http:\/\/www.laproduktiva.com\/indocumentari\/wp-content\/uploads\/Exodus-724x1024.jpg\" alt=\"\" class=\"wp-image-872 size-full\"\/><\/figure><div class=\"wp-block-media-text__content\">\n<p><strong>Exodus<\/strong><br>de Oliver Stiller<\/p>\n\n\n\n<p><em>L&#8217;octubre del 2018, milers de persones d&#8217;Hondures, Guatemala i El Salvador van fugir de la desenfrenada delinq\u00fc\u00e8ncia de les bandes i de la prec\u00e0ria situaci\u00f3 econ\u00f2mica dels pa\u00efsos d&#8217;origen. Es van unir en una caminada amb l&#8217;objectiu de travessar M\u00e8xic i arribar als Estats Units, un perill\u00f3s viatge de milers de quil\u00f2metres cap al desconegut.<\/em><\/p>\n\n\n\n<p>Pa\u00eds: M\u00e8xic, Alemanya i Guatemala<br>Durada: 21&#8242;<br>Idioma: Castell\u00e0 i angl\u00e8s<\/p>\n<\/div><\/div>\n\n\n\n<div class=\"wp-block-media-text alignwide is-stacked-on-mobile is-vertically-aligned-center\" style=\"grid-template-columns:25% auto\"><figure class=\"wp-block-media-text__media\"><img loading=\"lazy\" decoding=\"async\" width=\"717\" height=\"1024\" src=\"http:\/\/www.laproduktiva.com\/indocumentari\/wp-content\/uploads\/Peckinpah-Suite-717x1024.jpg\" alt=\"\" class=\"wp-image-875 size-full\"\/><\/figure><div class=\"wp-block-media-text__content\">\n<p><strong>Peckinpah Suite<\/strong><br>de Pedro Gonz\u00e1lez Berm\u00fadez<\/p>\n\n\n\n<p><em>35 anys despr\u00e9s de la seva mort, Lupita viatja per primera vegada a Livingston, la petita ciutat de Montana on, despr\u00e9s de diversos fracassos professionals, el seu pare va decidir retirar-se. Un viatge f\u00edsic, per\u00f2, sobretot, un trajecte emocional on anir\u00e0 revifant records i descobrint aspectes desconeguts de la vida d&#8217;un home, el seu pare, que ha inspirat infinitat de llegendes.<\/em><\/p>\n\n\n\n<p>Pa\u00eds: Espanya<br>Durada: 70&#8242;<br>Idioma: Castell\u00e0<\/p>\n<\/div><\/div>\n\n\n\n<div class=\"wp-block-media-text alignwide is-stacked-on-mobile is-vertically-aligned-center\" style=\"grid-template-columns:25% auto\"><figure class=\"wp-block-media-text__media\"><img loading=\"lazy\" decoding=\"async\" width=\"724\" height=\"1024\" src=\"http:\/\/www.laproduktiva.com\/indocumentari\/wp-content\/uploads\/BORN-IN-GAMBIA-724x1024.jpg\" alt=\"\" class=\"wp-image-874 size-full\"\/><\/figure><div class=\"wp-block-media-text__content\">\n<p><strong>Born in Gambia<\/strong><br>de Natxo Leuza<\/p>\n\n\n\n<p><em>Hassan \u00e9s un nen que viu al carrer. El seu germ\u00e0 el van acusar de bruixeria i el van cremar viu davant seu. El seu padrastre li diu que porta el diable a dins, aix\u00ed que fuig perqu\u00e8 no el matin. Hassan porta sempre una gravadora que ens explica com \u00e9s la seva vida, la d&#8217;altres nens i la d&#8217;un pa\u00eds bonic, per\u00f2 ancorat en perilloses tradicions.<\/em><\/p>\n\n\n\n<p>Pa\u00eds: Espanya<br>Durada: 27&#8242;<br>Idioma: VOSE<\/p>\n<\/div><\/div>\n\n\n\n<div class=\"wp-block-media-text alignwide is-stacked-on-mobile is-vertically-aligned-center\" style=\"grid-template-columns:25% auto\"><figure class=\"wp-block-media-text__media\"><img loading=\"lazy\" decoding=\"async\" width=\"400\" height=\"566\" src=\"http:\/\/www.laproduktiva.com\/indocumentari\/wp-content\/uploads\/Ara-Malikian-e1756139845967.jpg\" alt=\"\" class=\"wp-image-873 size-full\"\/><\/figure><div class=\"wp-block-media-text__content\">\n<p><strong>Ara Malikian: una vida entre las cuerdas<\/strong><br>De Nata Moreno<\/p>\n\n\n\n<p><em>Documental sobre el polifac\u00e8tic violinista Ara Malikian. Segueix Ara Malikian i tot el seu equip durant la seva \u00faltima Gira Simf\u00f2nica per tot el m\u00f3n i narra la seva fascinant hist\u00f2ria personal: la m\u00fasica li va salvar la vida en haver de fugir de la guerra; va abandonar Beirut amb 14 anys i des de llavors ha viscut com un n\u00f2mada portant la seva m\u00fasica pel m\u00f3n.<\/em><\/p>\n\n\n\n<p>Pa\u00eds: Espanya<br>Durada: 88&#8242;<br>Idioma: Castell\u00e0<\/p>\n<\/div><\/div>\n\n\n\n<h4 class=\"wp-block-heading\">ESPOT<\/h4>\n\n\n\n<figure class=\"wp-block-embed is-type-video is-provider-vimeo wp-block-embed-vimeo wp-embed-aspect-16-9 wp-has-aspect-ratio\"><div class=\"wp-block-embed__wrapper\">\n<iframe loading=\"lazy\" title=\"Anunci inDOCumentari 2020\" src=\"https:\/\/player.vimeo.com\/video\/469310913?dnt=1&amp;app_id=122963\" width=\"580\" height=\"326\" frameborder=\"0\" allow=\"autoplay; fullscreen; picture-in-picture; clipboard-write; encrypted-media; web-share\" referrerpolicy=\"strict-origin-when-cross-origin\"><\/iframe>\n<\/div><\/figure>\n\n\n\n<blockquote class=\"wp-block-quote is-layout-flow wp-block-quote-is-layout-flow\">\n<h5 class=\"wp-block-heading\">El Festival inDOCumentari est\u00e0 organitzat per <a href=\"http:\/\/www.laproduktiva.com\/films\" target=\"_blank\" rel=\"noopener noreferrer\">La Produktiva Films<\/a> i <a href=\"http:\/\/www.plansfilms.com\/\" target=\"_blank\" rel=\"noopener noreferrer\">Plans Films<\/a> amb el suport de l&#8217;Ajuntament de Sabadell.<\/h5>\n<\/blockquote>\n","protected":false},"excerpt":{"rendered":"<p>La quarta edici\u00f3 del festival inDOCumentari s&#8217;anava a realitzar a L&#8217;Estruch F\u00e0brica de Creaci\u00f3, per\u00f2 la pand\u00e8mia va obligar a suspendre les projeccions presencials. Finalment, es va acabar fent un festival en l\u00ednia a trav\u00e9s de Festhome TV. Els documentals seleccionats van ser els seg\u00fcents: Equipo D, los c\u00f3digos olvidadosde Jorge LaplaceDocumental guanyador Durant la [&hellip;]<\/p>\n","protected":false},"author":1,"featured_media":839,"parent":0,"menu_order":0,"comment_status":"closed","ping_status":"closed","template":"","meta":{"footnotes":""},"class_list":["post-935","page","type-page","status-publish","has-post-thumbnail","hentry"],"_links":{"self":[{"href":"https:\/\/www.laproduktiva.com\/indocumentari\/wp-json\/wp\/v2\/pages\/935","targetHints":{"allow":["GET"]}}],"collection":[{"href":"https:\/\/www.laproduktiva.com\/indocumentari\/wp-json\/wp\/v2\/pages"}],"about":[{"href":"https:\/\/www.laproduktiva.com\/indocumentari\/wp-json\/wp\/v2\/types\/page"}],"author":[{"embeddable":true,"href":"https:\/\/www.laproduktiva.com\/indocumentari\/wp-json\/wp\/v2\/users\/1"}],"replies":[{"embeddable":true,"href":"https:\/\/www.laproduktiva.com\/indocumentari\/wp-json\/wp\/v2\/comments?post=935"}],"version-history":[{"count":17,"href":"https:\/\/www.laproduktiva.com\/indocumentari\/wp-json\/wp\/v2\/pages\/935\/revisions"}],"predecessor-version":[{"id":1114,"href":"https:\/\/www.laproduktiva.com\/indocumentari\/wp-json\/wp\/v2\/pages\/935\/revisions\/1114"}],"wp:featuredmedia":[{"embeddable":true,"href":"https:\/\/www.laproduktiva.com\/indocumentari\/wp-json\/wp\/v2\/media\/839"}],"wp:attachment":[{"href":"https:\/\/www.laproduktiva.com\/indocumentari\/wp-json\/wp\/v2\/media?parent=935"}],"curies":[{"name":"wp","href":"https:\/\/api.w.org\/{rel}","templated":true}]}}