{"id":779,"date":"2019-05-27T08:35:17","date_gmt":"2019-05-27T08:35:17","guid":{"rendered":"http:\/\/www.laproduktiva.com\/indocumentari\/?page_id=779"},"modified":"2025-11-22T20:44:41","modified_gmt":"2025-11-22T19:44:41","slug":"indocumentari-2019","status":"publish","type":"page","link":"https:\/\/www.laproduktiva.com\/indocumentari\/indocumentari-2019\/","title":{"rendered":"2019"},"content":{"rendered":"<div class=\"wp-block-image\">\n<figure class=\"alignleft\"><img loading=\"lazy\" decoding=\"async\" width=\"10\" height=\"10\" src=\"http:\/\/www.laproduktiva.com\/indocumentari\/wp-content\/uploads\/espai.png\" alt=\"\" class=\"wp-image-153\"\/><\/figure>\n<\/div>\n\n<div class=\"wp-block-image\">\n<figure class=\"alignleft\"><img loading=\"lazy\" decoding=\"async\" width=\"10\" height=\"10\" src=\"http:\/\/www.laproduktiva.com\/indocumentari\/wp-content\/uploads\/espai.png\" alt=\"\" class=\"wp-image-153\"\/><\/figure>\n<\/div>\n\n\n<blockquote class=\"wp-block-quote is-layout-flow wp-block-quote-is-layout-flow\">\n<h5 class=\"wp-block-heading\">La tercera edici\u00f3 del festival inDOCumentari es va realitzar als <a href=\"https:\/\/www.cinesimperial.com\/ca\/\" target=\"_blank\" rel=\"noreferrer noopener\">Cines Imperial<\/a> el 25 de maig de 2019.<br> Els documentals seleccionats van ser els seg\u00fcents:<\/h5>\n<\/blockquote>\n\n\n\n<div class=\"wp-block-media-text alignwide is-stacked-on-mobile is-vertically-aligned-center\" style=\"grid-template-columns:25% auto\"><figure class=\"wp-block-media-text__media\"><img loading=\"lazy\" decoding=\"async\" width=\"720\" height=\"1024\" src=\"http:\/\/www.laproduktiva.com\/indocumentari\/wp-content\/uploads\/Cinema-mon-amour-720x1024.jpg\" alt=\"\" class=\"wp-image-704 size-full\"\/><\/figure><div class=\"wp-block-media-text__content\">\n<p><strong>Cinema mon amour<\/strong><br>de Natalia Reg\u00e1s<br><strong>Documental guanyador<\/strong><\/p>\n\n\n\n<p><em>Commoguda pel tancament d&#8217;un cinema, una jove directora decideix investigar si les sales de Barcelona tenen els dies comptats. Durant els cinc anys de gravaci\u00f3 del documental, s&#8217;endinsar\u00e0 al m\u00f3n tancat de l&#8217;exhibici\u00f3 catalana, assistir\u00e0 a la transformaci\u00f3 d&#8217;aquest art\/negoci i viur\u00e0 experi\u00e8ncies irrepetibles a les entranyes de nombrosos cinemes.<\/em><\/p>\n\n\n\n<p>Pa\u00eds: Espanya<br> Durada: 52\u2032<br> Idioma: Catal\u00e0 i castell\u00e0<\/p>\n<\/div><\/div>\n\n\n\n<div class=\"wp-block-media-text alignwide is-stacked-on-mobile is-vertically-aligned-center\" style=\"grid-template-columns:25% auto\"><figure class=\"wp-block-media-text__media\"><img loading=\"lazy\" decoding=\"async\" width=\"400\" height=\"560\" src=\"http:\/\/www.laproduktiva.com\/indocumentari\/wp-content\/uploads\/T\u00e0ndem2-e1756137790584.jpg\" alt=\"\" class=\"wp-image-719 size-full\" srcset=\"https:\/\/www.laproduktiva.com\/indocumentari\/wp-content\/uploads\/T\u00e0ndem2-e1756137790584.jpg 400w, https:\/\/www.laproduktiva.com\/indocumentari\/wp-content\/uploads\/T\u00e0ndem2-e1756137790584-214x300.jpg 214w\" sizes=\"auto, (max-width: 400px) 100vw, 400px\" \/><\/figure><div class=\"wp-block-media-text__content\">\n<p><strong>T\u00e0ndem<\/strong><br>d&#8217;Alba Salmer\u00f3n<br><strong>Curt documental guanyador<\/strong><\/p>\n\n\n\n<p><em>Pere Ribes \u00e9s un nen d&#8217;Olot la major afici\u00f3 \u00e9s comentar partits de futbol tot i ser invident des del seu naixement. La seva hist\u00f2ria es va arribar a convertir en alguna cosa viral per\u00f2 aquest documental pret\u00e9n anar m\u00e9s enll\u00e0, centrant-se en la persona que l&#8217;ha fet capa\u00e7 de tot aix\u00f2, la seva mare, Ant\u00f2nia.<\/em><\/p>\n\n\n\n<p>Pa\u00eds: Espanya<br>Durada: 23\u2032<br>Idioma: Catal\u00e0<\/p>\n<\/div><\/div>\n\n\n\n<div class=\"wp-block-media-text alignwide is-stacked-on-mobile is-vertically-aligned-center\" style=\"grid-template-columns:25% auto\"><figure class=\"wp-block-media-text__media\"><img loading=\"lazy\" decoding=\"async\" width=\"400\" height=\"571\" src=\"http:\/\/www.laproduktiva.com\/indocumentari\/wp-content\/uploads\/El-d\u00eda-de-los-conectados-e1756138121624.jpg\" alt=\"\" class=\"wp-image-634 size-full\"\/><\/figure><div class=\"wp-block-media-text__content\">\n<p><strong>El d\u00eda de los conectados<\/strong><br>de Carles Bosch, Nabil Ballahsene, Sara Rancan\u0303o i Jose\u0301 M. Restrepo<\/p>\n\n\n\n<p><em>A la pla\u00e7a principal de Sant Antonio de los Ba\u00f1os (Cuba), hi ha connexi\u00f3 wi-fi i el Dia de Sant Valent\u00ed i tots volen parlar amb els seus \u00e9ssers estimats que viuen a l&#8217;estranger. Atape\u00efts en els bancs de la pla\u00e7a, ning\u00fa s&#8217;avergonyeix que el ve\u00ed pugui escoltar les seves converses privades.<\/em><\/p>\n\n\n\n<p>Pa\u00eds: Espanya\/Cuba<br>Durada: 24\u2032<br>Idioma: Castell\u00e0<\/p>\n<\/div><\/div>\n\n\n\n<div class=\"wp-block-media-text alignwide is-stacked-on-mobile is-vertically-aligned-center\" style=\"grid-template-columns:25% auto\"><figure class=\"wp-block-media-text__media\"><img loading=\"lazy\" decoding=\"async\" width=\"731\" height=\"1024\" src=\"http:\/\/www.laproduktiva.com\/indocumentari\/wp-content\/uploads\/almost-ghosts-731x1024.png\" alt=\"\" class=\"wp-image-733 size-full\"\/><\/figure><div class=\"wp-block-media-text__content\">\n<p><strong>Almost ghosts<\/strong><br>d&#8217;Ana Ram\u00f3n Rubio<\/p>\n\n\n\n<p><em>Amb 73 anys, Harley Russell viu de les propines en el seu atrotinat local d&#8217;Erick (Oklahoma). \u00c0ngel Delgadillo, l&#8217;\u00faltim barber de Seligman (Arizona), continua afaitant als seus 91 anys als conductors que es desvien de la interestatal. Lowell Davis, amb 80 anys, \u00e9s l&#8217;\u00fanic habitant del poble fantasma Red Oak II, (Missouri). Tres hist\u00f2ries de perseveran\u00e7a i superaci\u00f3 al voltant de la m\u00edtica Route 66.<\/em><\/p>\n\n\n\n<p>Pa\u00eds: Espanya<br>Durada: 68\u2032<br>Idioma: Angl\u00e8s amb subt\u00edtols en castell\u00e0<\/p>\n<\/div><\/div>\n\n\n\n<div class=\"wp-block-media-text alignwide is-stacked-on-mobile is-vertically-aligned-center\" style=\"grid-template-columns:25% auto\"><figure class=\"wp-block-media-text__media\"><img loading=\"lazy\" decoding=\"async\" width=\"400\" height=\"572\" src=\"http:\/\/www.laproduktiva.com\/indocumentari\/wp-content\/uploads\/Kyoko-e1756138373298.jpg\" alt=\"\" class=\"wp-image-635 size-full\"\/><\/figure><div class=\"wp-block-media-text__content\">\n<p><strong>Kyoko<\/strong><br>de Marcos Cabot\u00e1 i Joan Bover<\/p>\n\n\n\n<p><em>El 23 d&#8217;abril de 1971, Mallorca va viure un succ\u00e9s extraordinari: la detenci\u00f3 de John Lennon i Yoko Ono. El motiu? El segrest d&#8217;una nena anomenada Kyoko. Aquest curtmetratge documental s&#8217;articula a partir dels testimonis que van viure i recorden aquell poc conegut succ\u00e9s. A l&#8217;abril aquesta obra va guanyar el premi al millor curtmetratge documental al Festival de Cine de M\u00e0laga.<\/em><\/p>\n\n\n\n<p>Pa\u00eds: Espanya<br>Durada: 20\u2032<br>Idioma: Castell\u00e0<\/p>\n<\/div><\/div>\n\n\n\n<div class=\"wp-block-media-text alignwide is-stacked-on-mobile is-vertically-aligned-center\" style=\"grid-template-columns:25% auto\"><figure class=\"wp-block-media-text__media\"><img loading=\"lazy\" decoding=\"async\" width=\"717\" height=\"1024\" src=\"http:\/\/www.laproduktiva.com\/indocumentari\/wp-content\/uploads\/23disparos-717x1024.jpg\" alt=\"\" class=\"wp-image-783 size-full\"\/><\/figure><div class=\"wp-block-media-text__content\">\n<p><strong>23 disparos<\/strong><br>de Jorge Laplace<\/p>\n\n\n\n<p><em>&#8220;23 disparos&#8221; \u00e9s un llargmetratge documental que tracta d&#8217;aclarir els fets que van envoltar la mort violenta de Manuel Jos\u00e9 Garc\u00eda Caparr\u00f3s el 4 de desembre de 1977. La just\u00edcia d&#8217;una acabada d&#8217;estrenar democr\u00e0cia mai va aclarir els fets tot i els clars indicis. Mai ning\u00fa va ser imputat.<\/em><\/p>\n\n\n\n<p>Pa\u00eds: Espanya<br>Durada: 82\u2032<br>Idioma: Castell\u00e0<\/p>\n<\/div><\/div>\n\n\n\n<h4 class=\"wp-block-heading\">V\u00cdDEO RESUM<\/h4>\n\n\n\n<figure class=\"wp-block-embed is-type-video is-provider-vimeo wp-block-embed-vimeo wp-embed-aspect-16-9 wp-has-aspect-ratio\"><div class=\"wp-block-embed__wrapper\">\n<iframe loading=\"lazy\" title=\"inDOCumentari 2019\" src=\"https:\/\/player.vimeo.com\/video\/338533794?dnt=1&amp;app_id=122963\" width=\"580\" height=\"326\" frameborder=\"0\" allow=\"autoplay; fullscreen; picture-in-picture; clipboard-write; encrypted-media; web-share\" referrerpolicy=\"strict-origin-when-cross-origin\"><\/iframe>\n<\/div><\/figure>\n\n\n<div class=\"wp-block-image\">\n<figure class=\"alignleft\"><img loading=\"lazy\" decoding=\"async\" width=\"10\" height=\"10\" src=\"http:\/\/www.laproduktiva.com\/indocumentari\/wp-content\/uploads\/espai.png\" alt=\"\" class=\"wp-image-153\"\/><\/figure>\n<\/div>\n\n\n<blockquote class=\"wp-block-quote is-layout-flow wp-block-quote-is-layout-flow\">\n<h5 class=\"wp-block-heading\">El Festival inDOCumentari est\u00e0 organitzat per <a href=\"http:\/\/www.laproduktiva.com\/films\" rel=\"noopener noreferrer\" target=\"_blank\">La Produktiva Films<\/a> i <a href=\"http:\/\/www.plansfilms.com\/\" rel=\"noopener noreferrer\" target=\"_blank\">Plans Films<\/a> amb el suport de l&#8217;Ajuntament de Sabadell.<\/h5>\n<\/blockquote>\n\n\n\n<p><\/p>\n","protected":false},"excerpt":{"rendered":"<p>La tercera edici\u00f3 del festival inDOCumentari es va realitzar als Cines Imperial el 25 de maig de 2019. Els documentals seleccionats van ser els seg\u00fcents: Cinema mon amourde Natalia Reg\u00e1sDocumental guanyador Commoguda pel tancament d&#8217;un cinema, una jove directora decideix investigar si les sales de Barcelona tenen els dies comptats. Durant els cinc anys de [&hellip;]<\/p>\n","protected":false},"author":1,"featured_media":559,"parent":0,"menu_order":0,"comment_status":"closed","ping_status":"closed","template":"","meta":{"footnotes":""},"class_list":["post-779","page","type-page","status-publish","has-post-thumbnail","hentry"],"_links":{"self":[{"href":"https:\/\/www.laproduktiva.com\/indocumentari\/wp-json\/wp\/v2\/pages\/779","targetHints":{"allow":["GET"]}}],"collection":[{"href":"https:\/\/www.laproduktiva.com\/indocumentari\/wp-json\/wp\/v2\/pages"}],"about":[{"href":"https:\/\/www.laproduktiva.com\/indocumentari\/wp-json\/wp\/v2\/types\/page"}],"author":[{"embeddable":true,"href":"https:\/\/www.laproduktiva.com\/indocumentari\/wp-json\/wp\/v2\/users\/1"}],"replies":[{"embeddable":true,"href":"https:\/\/www.laproduktiva.com\/indocumentari\/wp-json\/wp\/v2\/comments?post=779"}],"version-history":[{"count":16,"href":"https:\/\/www.laproduktiva.com\/indocumentari\/wp-json\/wp\/v2\/pages\/779\/revisions"}],"predecessor-version":[{"id":1113,"href":"https:\/\/www.laproduktiva.com\/indocumentari\/wp-json\/wp\/v2\/pages\/779\/revisions\/1113"}],"wp:featuredmedia":[{"embeddable":true,"href":"https:\/\/www.laproduktiva.com\/indocumentari\/wp-json\/wp\/v2\/media\/559"}],"wp:attachment":[{"href":"https:\/\/www.laproduktiva.com\/indocumentari\/wp-json\/wp\/v2\/media?parent=779"}],"curies":[{"name":"wp","href":"https:\/\/api.w.org\/{rel}","templated":true}]}}