{"id":484,"date":"2018-11-07T17:07:56","date_gmt":"2018-11-07T17:07:56","guid":{"rendered":"http:\/\/www.laproduktiva.com\/indocumentari\/?page_id=484"},"modified":"2025-11-22T20:44:00","modified_gmt":"2025-11-22T19:44:00","slug":"indocumentari-2018","status":"publish","type":"page","link":"https:\/\/www.laproduktiva.com\/indocumentari\/indocumentari-2018\/","title":{"rendered":"2018"},"content":{"rendered":"<div class=\"wp-block-image\">\n<figure class=\"alignleft\"><img loading=\"lazy\" decoding=\"async\" width=\"10\" height=\"10\" src=\"http:\/\/www.laproduktiva.com\/indocumentari\/wp-content\/uploads\/espai.png\" alt=\"\" class=\"wp-image-153\"\/><\/figure>\n<\/div>\n\n<div class=\"wp-block-image\">\n<figure class=\"alignleft\"><img loading=\"lazy\" decoding=\"async\" width=\"10\" height=\"10\" src=\"http:\/\/www.laproduktiva.com\/indocumentari\/wp-content\/uploads\/espai.png\" alt=\"\" class=\"wp-image-153\"\/><\/figure>\n<\/div>\n\n\n<blockquote class=\"wp-block-quote is-layout-flow wp-block-quote-is-layout-flow\">\n<h5 class=\"wp-block-heading is-style-plain\">La segona edici\u00f3 del festival inDOCumentari es va realitzar a <a href=\"https:\/\/www.cangambus.cat\/la-capella\" target=\"_blank\" rel=\"noreferrer noopener\">La Capella<\/a> de Can Gamb\u00fas del 28 al 30 de juny del 2018. Els documentals seleccionats van ser els seg\u00fcents:<\/h5>\n<\/blockquote>\n\n\n\n<div class=\"wp-block-media-text alignwide is-stacked-on-mobile\" style=\"grid-template-columns:25% auto\"><figure class=\"wp-block-media-text__media\"><img loading=\"lazy\" decoding=\"async\" width=\"400\" height=\"560\" src=\"https:\/\/www.laproduktiva.com\/indocumentari\/wp-content\/uploads\/cartel_LUGARNADA.png\" alt=\"\" class=\"wp-image-998 size-full\" srcset=\"https:\/\/www.laproduktiva.com\/indocumentari\/wp-content\/uploads\/cartel_LUGARNADA.png 400w, https:\/\/www.laproduktiva.com\/indocumentari\/wp-content\/uploads\/cartel_LUGARNADA-214x300.png 214w\" sizes=\"auto, (max-width: 400px) 100vw, 400px\" \/><\/figure><div class=\"wp-block-media-text__content\">\n<p><strong>*en lugar de nada<\/strong><br>de Brenda Boyer<br><strong>Curt documental guanyador<\/strong><\/p>\n\n\n\n<p><em>En aquest curt documental autobiogr\u00e0fic la directora s&#8217;enfronta a la neglig\u00e8ncia dels seus pares en una revisi\u00f3 cr\u00edtica i res autocomplaent de la seva hist\u00f2ria familiar. Aquesta volta al passat es troba amb el present donant resposta a les q\u00fcestions existencials que emergeixen del joc de v\u00edctimes i botxins que travessa tot el sistema familiar.<\/em><\/p>\n\n\n\n<p>Pa\u00eds: Espanya<br>Durada: 37\u2032<br>Idioma: Castell\u00e0<\/p>\n<\/div><\/div>\n\n\n\n<div class=\"wp-block-media-text alignwide is-stacked-on-mobile is-vertically-aligned-center\" style=\"grid-template-columns:25% auto\"><figure class=\"wp-block-media-text__media\"><img loading=\"lazy\" decoding=\"async\" width=\"400\" height=\"560\" src=\"http:\/\/www.laproduktiva.com\/indocumentari\/wp-content\/uploads\/libertad.png\" alt=\"\" class=\"wp-image-1000 size-full\" srcset=\"https:\/\/www.laproduktiva.com\/indocumentari\/wp-content\/uploads\/libertad.png 400w, https:\/\/www.laproduktiva.com\/indocumentari\/wp-content\/uploads\/libertad-214x300.png 214w\" sizes=\"auto, (max-width: 400px) 100vw, 400px\" \/><\/figure><div class=\"wp-block-media-text__content\">\n<p><strong>Libertad de Impresi\u00f3n<\/strong><br>de Fernando Mu\u00f1oz i Fede Carrillo<br><strong>Documental guanyador<\/strong><\/p>\n\n\n\n<p><em>El 2007 un jutge decideix el segrest de la publicaci\u00f3 sat\u00edrica El Jueves, el motiu \u00e9s la ir\u00f2nica representaci\u00f3 dels membres de la Casa Reial Espanyola. Aquest succ\u00e9s, per exemple, ha delineat com la censura forma part de les pol\u00edtiques editorials de molts mitjans. L&#8217;objectiu del documental \u00e9s tractar la q\u00fcesti\u00f3 de la llibertat creativa com un dret propi dels professionals de l&#8217;humor gr\u00e0fic.<\/em><\/p>\n\n\n\n<p>Pa\u00eds: Espanya<br>Durada: 67\u2032<br>Idioma: Castell\u00e0<\/p>\n<\/div><\/div>\n\n\n\n<div class=\"wp-block-media-text alignwide is-stacked-on-mobile is-vertically-aligned-center\" style=\"grid-template-columns:25% auto\"><figure class=\"wp-block-media-text__media\"><img loading=\"lazy\" decoding=\"async\" width=\"400\" height=\"560\" src=\"https:\/\/www.laproduktiva.com\/indocumentari\/wp-content\/uploads\/lenda.png\" alt=\"\" class=\"wp-image-1001 size-full\" srcset=\"https:\/\/www.laproduktiva.com\/indocumentari\/wp-content\/uploads\/lenda.png 400w, https:\/\/www.laproduktiva.com\/indocumentari\/wp-content\/uploads\/lenda-214x300.png 214w\" sizes=\"auto, (max-width: 400px) 100vw, 400px\" \/><\/figure><div class=\"wp-block-media-text__content\">\n<p><strong>Lenda negra<\/strong><br>de Elisa Celda, Claudia Gracia, Mario Sanz i \u00d3scar Vincentelli<\/p>\n\n\n\n<p><em>Parla de la recerca de la llegenda de Manuel Blanco Romasanta, &#8220;O Home Lobo&#8221;, de la m\u00e0 de quatre joves cineastes que repeteixen la seva ruta en un recorregut nocturn per pobles i boscos gallecs. Miren a l&#8217;invisible, aqu\u00ed on perdura el pas del temps, a la nit actual, buscant un fantasma passat i perdut. Una producci\u00f3 de l&#8217;ECAM (l&#8217;escola de cine de Madrid).<\/em><\/p>\n\n\n\n<p>Pa\u00eds: Espanya<br>Durada: 38\u2032<br>Idioma: Gallec i castell\u00e0<br>Subt\u00edtols: Castell\u00e0<\/p>\n<\/div><\/div>\n\n\n\n<div class=\"wp-block-media-text alignwide is-stacked-on-mobile is-vertically-aligned-center\" style=\"grid-template-columns:25% auto\"><figure class=\"wp-block-media-text__media\"><img loading=\"lazy\" decoding=\"async\" width=\"400\" height=\"560\" src=\"https:\/\/www.laproduktiva.com\/indocumentari\/wp-content\/uploads\/katsikas.png\" alt=\"\" class=\"wp-image-1002 size-full\" srcset=\"https:\/\/www.laproduktiva.com\/indocumentari\/wp-content\/uploads\/katsikas.png 400w, https:\/\/www.laproduktiva.com\/indocumentari\/wp-content\/uploads\/katsikas-214x300.png 214w\" sizes=\"auto, (max-width: 400px) 100vw, 400px\" \/><\/figure><div class=\"wp-block-media-text__content\">\n<p><strong>Katsikas<\/strong><br>de Rodrigo V\u00e1zquez<\/p>\n\n\n\n<p><em>La crua veu de nou persones que van arriscar la seva vida i la de les seves fam\u00edlies fugint de la guerra a S\u00edria. Un cant a l&#8217;empatia que ens far\u00e0 reflexionar com a persones sobre la nostra posici\u00f3 davant la crisi de refugiats, unes persones que l&#8217;\u00fanic que busquen \u00e9s un refugi on poder esperar a que la situaci\u00f3 a S\u00edria canvi\u00ef i puguin tornar en pau.<\/em><\/p>\n\n\n\n<p>Pa\u00eds: Espanya<br>Durada: 46\u2032<br>Idioma: \u00c0rab<br>Subt\u00edtols: Castell\u00e0<\/p>\n<\/div><\/div>\n\n\n\n<div class=\"wp-block-media-text alignwide is-stacked-on-mobile is-vertically-aligned-center\" style=\"grid-template-columns:25% auto\"><figure class=\"wp-block-media-text__media\"><img loading=\"lazy\" decoding=\"async\" width=\"400\" height=\"560\" src=\"https:\/\/www.laproduktiva.com\/indocumentari\/wp-content\/uploads\/efimero.png\" alt=\"\" class=\"wp-image-1003 size-full\" srcset=\"https:\/\/www.laproduktiva.com\/indocumentari\/wp-content\/uploads\/efimero.png 400w, https:\/\/www.laproduktiva.com\/indocumentari\/wp-content\/uploads\/efimero-214x300.png 214w\" sizes=\"auto, (max-width: 400px) 100vw, 400px\" \/><\/figure><div class=\"wp-block-media-text__content\">\n<p><strong>El sue\u00f1o ef\u00edmero<\/strong><br>de Toni Bestard<\/p>\n\n\n\n<p><em>Aquest entranyable curt documental repassa la vida i obra de tres pintors de cartells de cinema de Palma, Barcelona i Madrid: Rafel Ruiz, Juan Antonio Garc\u00eda i Alfonso P\u00e9rez, l&#8217;\u00faltim que es va dedicar a aquest ofici i que va estar pintant aquells cartells fins al 2013.<\/em><\/p>\n\n\n\n<p>Pa\u00eds: Espanya<br>Durada: 19\u2032<br>Idioma: Castell\u00e0 i catal\u00e0<br>Subt\u00edtols: Castell\u00e0<\/p>\n<\/div><\/div>\n\n\n\n<div class=\"wp-block-media-text alignwide is-stacked-on-mobile is-vertically-aligned-center\" style=\"grid-template-columns:25% auto\"><figure class=\"wp-block-media-text__media\"><img loading=\"lazy\" decoding=\"async\" width=\"400\" height=\"560\" src=\"https:\/\/www.laproduktiva.com\/indocumentari\/wp-content\/uploads\/tiguernut.png\" alt=\"\" class=\"wp-image-1004 size-full\" srcset=\"https:\/\/www.laproduktiva.com\/indocumentari\/wp-content\/uploads\/tiguernut.png 400w, https:\/\/www.laproduktiva.com\/indocumentari\/wp-content\/uploads\/tiguernut-214x300.png 214w\" sizes=\"auto, (max-width: 400px) 100vw, 400px\" \/><\/figure><div class=\"wp-block-media-text__content\">\n<p><strong>Tigernut. La patria de las mujeres \u00edntegras<\/strong><br>de Antxon Monforte<\/p>\n\n\n\n<p><em>La hist\u00f2ria d&#8217;un valenci\u00e0 immers en un trepidant viatge a l&#8217;\u00c0frica per investigar l&#8217;origen de la xufa d&#8217;un fosc entramat d&#8217;empreses que est\u00e0 guanyant milions de d\u00f2lars. Escandalitzat davant el que va esbrinant, un viatge que havia de durar una setmana es converteix en una road movie de 3.000km travessant zones plenes de jihadistes, segrestos i mis\u00e8ria a la recerca de respostes.<\/em><\/p>\n\n\n\n<p>Pa\u00eds: Espanya<br>Durada: 91\u2032<br>Idioma: Varis<br>Subt\u00edtols: Castell\u00e0<\/p>\n<\/div><\/div>\n\n\n\n<blockquote class=\"wp-block-quote is-layout-flow wp-block-quote-is-layout-flow\">\n<h5 class=\"wp-block-heading\">El Festival inDOCumentari est\u00e0 organitzat per <a href=\"http:\/\/www.laproduktiva.com\/films\" rel=\"noopener noreferrer\" target=\"_blank\">La Produktiva Films<\/a> i <a href=\"http:\/\/www.plansfilms.com\/\" rel=\"noopener noreferrer\" target=\"_blank\">Plans Films<\/a> amb el suport de l&#8217;Ajuntament de Sabadell.<\/h5>\n<\/blockquote>\n\n\n\n<p><\/p>\n","protected":false},"excerpt":{"rendered":"<p>La segona edici\u00f3 del festival inDOCumentari es va realitzar a La Capella de Can Gamb\u00fas del 28 al 30 de juny del 2018. Els documentals seleccionats van ser els seg\u00fcents: *en lugar de nadade Brenda BoyerCurt documental guanyador En aquest curt documental autobiogr\u00e0fic la directora s&#8217;enfronta a la neglig\u00e8ncia dels seus pares en una revisi\u00f3 [&hellip;]<\/p>\n","protected":false},"author":1,"featured_media":804,"parent":0,"menu_order":0,"comment_status":"closed","ping_status":"closed","template":"","meta":{"footnotes":""},"class_list":["post-484","page","type-page","status-publish","has-post-thumbnail","hentry"],"_links":{"self":[{"href":"https:\/\/www.laproduktiva.com\/indocumentari\/wp-json\/wp\/v2\/pages\/484","targetHints":{"allow":["GET"]}}],"collection":[{"href":"https:\/\/www.laproduktiva.com\/indocumentari\/wp-json\/wp\/v2\/pages"}],"about":[{"href":"https:\/\/www.laproduktiva.com\/indocumentari\/wp-json\/wp\/v2\/types\/page"}],"author":[{"embeddable":true,"href":"https:\/\/www.laproduktiva.com\/indocumentari\/wp-json\/wp\/v2\/users\/1"}],"replies":[{"embeddable":true,"href":"https:\/\/www.laproduktiva.com\/indocumentari\/wp-json\/wp\/v2\/comments?post=484"}],"version-history":[{"count":20,"href":"https:\/\/www.laproduktiva.com\/indocumentari\/wp-json\/wp\/v2\/pages\/484\/revisions"}],"predecessor-version":[{"id":1112,"href":"https:\/\/www.laproduktiva.com\/indocumentari\/wp-json\/wp\/v2\/pages\/484\/revisions\/1112"}],"wp:featuredmedia":[{"embeddable":true,"href":"https:\/\/www.laproduktiva.com\/indocumentari\/wp-json\/wp\/v2\/media\/804"}],"wp:attachment":[{"href":"https:\/\/www.laproduktiva.com\/indocumentari\/wp-json\/wp\/v2\/media?parent=484"}],"curies":[{"name":"wp","href":"https:\/\/api.w.org\/{rel}","templated":true}]}}