{"id":231,"date":"2017-06-12T07:37:56","date_gmt":"2017-06-12T07:37:56","guid":{"rendered":"http:\/\/www.laproduktiva.com\/indocumentari\/?page_id=231"},"modified":"2025-11-22T20:43:16","modified_gmt":"2025-11-22T19:43:16","slug":"indocumentari-2017","status":"publish","type":"page","link":"https:\/\/www.laproduktiva.com\/indocumentari\/indocumentari-2017\/","title":{"rendered":"2017"},"content":{"rendered":"\n<blockquote class=\"wp-block-quote is-layout-flow wp-block-quote-is-layout-flow\">\n<h5 class=\"wp-block-heading\">La primera edici\u00f3 del festival inDOCumentari es va realitzar a <a href=\"https:\/\/www.cangambus.cat\/la-capella\" target=\"_blank\" rel=\"noreferrer noopener\">La Capella<\/a> de Can Gamb\u00fas del 18 al 20 de maig del 2017. Els documentals seleccionats van ser els seg\u00fcents:<\/h5>\n<\/blockquote>\n\n\n\n<div class=\"wp-block-media-text alignwide is-stacked-on-mobile is-vertically-aligned-center\" style=\"grid-template-columns:25% auto\"><figure class=\"wp-block-media-text__media\"><img loading=\"lazy\" decoding=\"async\" width=\"400\" height=\"560\" src=\"https:\/\/www.laproduktiva.com\/indocumentari\/wp-content\/uploads\/sashaweb.jpg\" alt=\"AA\" class=\"wp-image-212 size-full\" srcset=\"https:\/\/www.laproduktiva.com\/indocumentari\/wp-content\/uploads\/sashaweb.jpg 400w, https:\/\/www.laproduktiva.com\/indocumentari\/wp-content\/uploads\/sashaweb-214x300.jpg 214w\" sizes=\"auto, (max-width: 400px) 100vw, 400px\" \/><\/figure><div class=\"wp-block-media-text__content\">\n<p><strong>Sasha<\/strong><br>de F\u00e8lix Colomer<br><strong>Documental guanyador<\/strong><\/p>\n\n\n\n<p><em>En Sasha \u00e9s un nen de vuit anys que viu a Ucra\u00efna amb la seva mare i cinc germans m\u00e9s. Sobreviuen en un entorn de pobresa, que es complica m\u00e9s arran del conflicte b\u00e8l\u00b7lic amb R\u00fassia. En Sasha fuig d&#8217;aquesta situaci\u00f3 i arriba a Catalunya per conviure amb una fam\u00edlia.<\/em><\/p>\n\n\n\n<p>Pa\u00eds: Espanya<br>Durada: 54\u2032<br>Idioma: Rus i catal\u00e0<br>Subt\u00edtols: Castell\u00e0<\/p>\n<\/div><\/div>\n\n\n\n<div class=\"wp-block-media-text alignwide is-stacked-on-mobile is-vertically-aligned-center\" style=\"grid-template-columns:25% auto\"><figure class=\"wp-block-media-text__media\"><img loading=\"lazy\" decoding=\"async\" width=\"400\" height=\"560\" src=\"http:\/\/www.laproduktiva.com\/indocumentari\/wp-content\/uploads\/adentroweb.jpg\" alt=\"\" class=\"wp-image-209 size-full\" srcset=\"https:\/\/www.laproduktiva.com\/indocumentari\/wp-content\/uploads\/adentroweb.jpg 400w, https:\/\/www.laproduktiva.com\/indocumentari\/wp-content\/uploads\/adentroweb-214x300.jpg 214w\" sizes=\"auto, (max-width: 400px) 100vw, 400px\" \/><\/figure><div class=\"wp-block-media-text__content\">\n<p><strong>Adentro<\/strong><br>de Pau Coll<\/p>\n\n\n\n<p><em>Cinc nois de la pres\u00f3 de Joves de Catalunya van agafar una c\u00e0mera durant un any per narrar la seva vida entre els murs d&#8217;una pres\u00f3. Un any per parlar sobre el pas del temps, la mort o la llibertat. Sobretot la llibertat. Una mirada radicalment honesta explicada des de la proximitat, que trenca amb els prejudicis sobre les presons i els que habiten en elles.<\/em><\/p>\n\n\n\n<p>Pa\u00eds: Espanya<br>Durada: 58\u2032<br>Idioma: Castell\u00e0<\/p>\n<\/div><\/div>\n\n\n\n<div class=\"wp-block-media-text alignwide is-stacked-on-mobile is-vertically-aligned-center\" style=\"grid-template-columns:25% auto\"><figure class=\"wp-block-media-text__media\"><img loading=\"lazy\" decoding=\"async\" width=\"400\" height=\"560\" src=\"http:\/\/www.laproduktiva.com\/indocumentari\/wp-content\/uploads\/landscapesweb2.jpg\" alt=\"\" class=\"wp-image-211 size-full\" srcset=\"https:\/\/www.laproduktiva.com\/indocumentari\/wp-content\/uploads\/landscapesweb2.jpg 400w, https:\/\/www.laproduktiva.com\/indocumentari\/wp-content\/uploads\/landscapesweb2-214x300.jpg 214w\" sizes=\"auto, (max-width: 400px) 100vw, 400px\" \/><\/figure><div class=\"wp-block-media-text__content\">\n<p><strong>Landcapes<\/strong><br>de Vincent Fournier<\/p>\n\n\n\n<p><em>Quatre ladyboys (transsexuals) humils de mitjana edat, que viuen a una zona rural del nord-est de Tailandia i que treballen als boscos d&#8217;arbres de cautx\u00fa a la nit i en els camps d&#8217;arr\u00f2s durant el dia, ens expliquem la seva vida i com veuen els altres ve\u00efns del poble la seva difer\u00e8ncia.<\/em><\/p>\n\n\n\n<p>Pa\u00eds: Fran\u00e7a<br>Durada: 52&#8242;<br>Idioma: Tailand\u00e8s<br>Subt\u00edtols: Castell\u00e0<\/p>\n<\/div><\/div>\n\n\n\n<h4 class=\"wp-block-heading\">V\u00cdDEO RESUM<\/h4>\n\n\n\n<p><iframe loading=\"lazy\" src=\"https:\/\/player.vimeo.com\/video\/219669632\" width=\"800\" height=\"450\" frameborder=\"0\" allowfullscreen=\"allowfullscreen\"><\/iframe><\/p>\n\n\n\n<div class=\"wp-block-group alignwide\"><div class=\"wp-block-group__inner-container is-layout-constrained wp-block-group-is-layout-constrained\">\n<div class=\"wp-block-columns is-layout-flex wp-container-core-columns-is-layout-9d6595d7 wp-block-columns-is-layout-flex\">\n<div class=\"wp-block-column is-layout-flow wp-block-column-is-layout-flow\" style=\"flex-basis:100%\">\n<blockquote class=\"wp-block-quote has-text-align-left is-layout-flow wp-block-quote-is-layout-flow\">\n<h5 class=\"wp-block-heading\">El Festival inDOCumentari est\u00e0 organitzat per <a href=\"http:\/\/www.laproduktiva.com\/films\" target=\"_blank\" rel=\"noopener noreferrer\">La Produktiva Films<\/a> i <a href=\"http:\/\/www.plansfilms.com\/\" target=\"_blank\" rel=\"noopener noreferrer\">Plans Films<\/a> amb el suport de l&#8217;Ajuntament de Sabadell.<\/h5>\n<\/blockquote>\n<\/div>\n<\/div>\n<\/div><\/div>\n\n\n\n<p><\/p>\n","protected":false},"excerpt":{"rendered":"<p>La primera edici\u00f3 del festival inDOCumentari es va realitzar a La Capella de Can Gamb\u00fas del 18 al 20 de maig del 2017. Els documentals seleccionats van ser els seg\u00fcents: Sashade F\u00e8lix ColomerDocumental guanyador En Sasha \u00e9s un nen de vuit anys que viu a Ucra\u00efna amb la seva mare i cinc germans m\u00e9s. Sobreviuen [&hellip;]<\/p>\n","protected":false},"author":1,"featured_media":801,"parent":0,"menu_order":0,"comment_status":"closed","ping_status":"closed","template":"","meta":{"footnotes":""},"class_list":["post-231","page","type-page","status-publish","has-post-thumbnail","hentry"],"_links":{"self":[{"href":"https:\/\/www.laproduktiva.com\/indocumentari\/wp-json\/wp\/v2\/pages\/231","targetHints":{"allow":["GET"]}}],"collection":[{"href":"https:\/\/www.laproduktiva.com\/indocumentari\/wp-json\/wp\/v2\/pages"}],"about":[{"href":"https:\/\/www.laproduktiva.com\/indocumentari\/wp-json\/wp\/v2\/types\/page"}],"author":[{"embeddable":true,"href":"https:\/\/www.laproduktiva.com\/indocumentari\/wp-json\/wp\/v2\/users\/1"}],"replies":[{"embeddable":true,"href":"https:\/\/www.laproduktiva.com\/indocumentari\/wp-json\/wp\/v2\/comments?post=231"}],"version-history":[{"count":98,"href":"https:\/\/www.laproduktiva.com\/indocumentari\/wp-json\/wp\/v2\/pages\/231\/revisions"}],"predecessor-version":[{"id":1111,"href":"https:\/\/www.laproduktiva.com\/indocumentari\/wp-json\/wp\/v2\/pages\/231\/revisions\/1111"}],"wp:featuredmedia":[{"embeddable":true,"href":"https:\/\/www.laproduktiva.com\/indocumentari\/wp-json\/wp\/v2\/media\/801"}],"wp:attachment":[{"href":"https:\/\/www.laproduktiva.com\/indocumentari\/wp-json\/wp\/v2\/media?parent=231"}],"curies":[{"name":"wp","href":"https:\/\/api.w.org\/{rel}","templated":true}]}}