{"id":111,"date":"2016-07-22T18:26:58","date_gmt":"2016-07-22T18:26:58","guid":{"rendered":"http:\/\/www.laproduktiva.com\/films\/?page_id=111"},"modified":"2025-08-13T08:22:50","modified_gmt":"2025-08-13T08:22:50","slug":"themiracleboy","status":"publish","type":"page","link":"https:\/\/www.laproduktiva.com\/films\/themiracleboy\/","title":{"rendered":"The Miracle Boy"},"content":{"rendered":"\n<div style=\"height:60px\" aria-hidden=\"true\" class=\"wp-block-spacer\"><\/div>\n\n\n\n<div class=\"wp-block-media-text alignwide is-stacked-on-mobile is-vertically-aligned-center\" style=\"grid-template-columns:35% auto\"><figure class=\"wp-block-media-text__media\"><a href=\"https:\/\/www.laproduktiva.com\/films\/wp-content\/uploads\/cartell_miracle_web.jpg\" target=\"_blank\" rel=\"noreferrer noopener\"><img loading=\"lazy\" decoding=\"async\" width=\"724\" height=\"1024\" src=\"https:\/\/www.laproduktiva.com\/films\/wp-content\/uploads\/cartell_miracle_web-724x1024.jpg\" alt=\"\" class=\"wp-image-637 size-full\" srcset=\"https:\/\/www.laproduktiva.com\/films\/wp-content\/uploads\/cartell_miracle_web-724x1024.jpg 724w, https:\/\/www.laproduktiva.com\/films\/wp-content\/uploads\/cartell_miracle_web-212x300.jpg 212w, https:\/\/www.laproduktiva.com\/films\/wp-content\/uploads\/cartell_miracle_web-768x1087.jpg 768w, https:\/\/www.laproduktiva.com\/films\/wp-content\/uploads\/cartell_miracle_web.jpg 826w\" sizes=\"auto, (max-width: 724px) 100vw, 724px\" \/><\/a><\/figure><div class=\"wp-block-media-text__content\">\n<h4 class=\"wp-block-heading\">EL GENTLEMAN MALLORQU\u00cd<\/h4>\n\n\n\n<p>Aquest documental ens presenta la figura del m\u00fasic anglo mallorqu\u00ed Steven Munar, l\u00edder la banda seminal dels noranta The Tea Servants. El 2016 la banda va tornar als escenaris amb motiu de la reedici\u00f3 d\u2019un dels seus discos en format vinil. Seguim els assajos de la banda, el concert de retorn a Barcelona, parlem amb personatges del m\u00f3n musical i ens fiquem a la vida del gentleman del pop barcelon\u00ed.<\/p>\n\n\n\n<figure class=\"wp-block-image size-full wp-duotone-unset-1\"><img loading=\"lazy\" decoding=\"async\" width=\"150\" height=\"98\" src=\"https:\/\/www.laproduktiva.com\/films\/wp-content\/uploads\/ineditsteven.png\" alt=\"\" class=\"wp-image-852\"\/><\/figure>\n<\/div><\/div>\n\n\n\n<div style=\"height:30px\" aria-hidden=\"true\" class=\"wp-block-spacer\"><\/div>\n\n\n\n<h4 class=\"wp-block-heading\">VEURE el documental<\/h4>\n\n\n\n<div class=\"wp-block-columns is-layout-flex wp-container-core-columns-is-layout-28f84493 wp-block-columns-is-layout-flex\">\n<div class=\"wp-block-column is-layout-flow wp-block-column-is-layout-flow\" style=\"flex-basis:170px\">\n<figure class=\"wp-block-image size-thumbnail wp-duotone-unset-2\"><a href=\"https:\/\/www.filmin.es\/pelicula\/the-miracle-boy-steven-munar-the-tea-servants\" target=\"_blank\" rel=\"noreferrer noopener\"><img loading=\"lazy\" decoding=\"async\" width=\"150\" height=\"150\" src=\"https:\/\/www.laproduktiva.com\/films\/wp-content\/uploads\/FILMIN-150x150.png\" alt=\"\" class=\"wp-image-2155\" srcset=\"https:\/\/www.laproduktiva.com\/films\/wp-content\/uploads\/FILMIN-150x150.png 150w, https:\/\/www.laproduktiva.com\/films\/wp-content\/uploads\/FILMIN-300x300.png 300w, https:\/\/www.laproduktiva.com\/films\/wp-content\/uploads\/FILMIN.png 1024w, https:\/\/www.laproduktiva.com\/films\/wp-content\/uploads\/FILMIN-768x768.png 768w\" sizes=\"auto, (max-width: 150px) 100vw, 150px\" \/><\/a><\/figure>\n<\/div>\n\n\n\n<div class=\"wp-block-column is-layout-flow wp-block-column-is-layout-flow\">\n<figure class=\"wp-block-image alignleft size-thumbnail wp-duotone-unset-3\"><a href=\"https:\/\/www.filmin.cat\/pelicula\/the-miracle-boy-steven-munar-the-tea-servants\" target=\"_blank\" rel=\" noreferrer noopener\"><img loading=\"lazy\" decoding=\"async\" width=\"150\" height=\"150\" src=\"https:\/\/www.laproduktiva.com\/films\/wp-content\/uploads\/filmincat-150x150.png\" alt=\"\" class=\"wp-image-2523\" srcset=\"https:\/\/www.laproduktiva.com\/films\/wp-content\/uploads\/filmincat-150x150.png 150w, https:\/\/www.laproduktiva.com\/films\/wp-content\/uploads\/filmincat.png 225w\" sizes=\"auto, (max-width: 150px) 100vw, 150px\" \/><\/a><\/figure>\n<\/div>\n<\/div>\n\n\n\n<div style=\"height:30px\" aria-hidden=\"true\" class=\"wp-block-spacer\"><\/div>\n\n\n\n<h4 class=\"wp-block-heading\">PROJECCIONS<\/h4>\n\n\n\n<pre class=\"wp-block-preformatted has-cyan-bluish-gray-background-color has-background\">27\/10\/2017 \u2013 Festival IN-EDIT, CC La Sedeta, BCN<br>01\/11\/2017 \u2013 Festival IN-EDIT, Aribau Multicines, BCN<br>07\/12\/2017 \u2013 CineCiutat, Mallorca<br>16\/12\/2017 - Betev\u00e9 (Barcelona Televisi\u00f3)<br>03-04\/02\/2018 - Cineteca (Matadero), Madrid<br>06\/11\/2018 - IB3 + Movistar+<br>12\/04\/2020 - Canal 33 (TV3)<\/pre>\n\n\n\n<div style=\"height:30px\" aria-hidden=\"true\" class=\"wp-block-spacer\"><\/div>\n\n\n\n<h4 class=\"wp-block-heading\">TEASERS<\/h4>\n\n\n\n<figure class=\"wp-block-embed is-type-video is-provider-vimeo wp-block-embed-vimeo wp-embed-aspect-16-9 wp-has-aspect-ratio\"><div class=\"wp-block-embed__wrapper\">\n<iframe loading=\"lazy\" title=\"Steven Munar - Teaser 1\" src=\"https:\/\/player.vimeo.com\/video\/216920363?dnt=1&amp;app_id=122963\" width=\"500\" height=\"281\" frameborder=\"0\" allow=\"autoplay; fullscreen; picture-in-picture; clipboard-write; encrypted-media; web-share\" referrerpolicy=\"strict-origin-when-cross-origin\"><\/iframe>\n<\/div><\/figure>\n\n\n\n<div style=\"height:10px\" aria-hidden=\"true\" class=\"wp-block-spacer\"><\/div>\n\n\n\n<figure class=\"wp-block-embed is-type-video is-provider-vimeo wp-block-embed-vimeo wp-embed-aspect-16-9 wp-has-aspect-ratio\"><div class=\"wp-block-embed__wrapper\">\n<iframe loading=\"lazy\" title=\"Steven Munar - Teaser 2\" src=\"https:\/\/player.vimeo.com\/video\/220781159?dnt=1&amp;app_id=122963\" width=\"500\" height=\"281\" frameborder=\"0\" allow=\"autoplay; fullscreen; picture-in-picture; clipboard-write; encrypted-media; web-share\" referrerpolicy=\"strict-origin-when-cross-origin\"><\/iframe>\n<\/div><\/figure>\n\n\n\n<div style=\"height:30px\" aria-hidden=\"true\" class=\"wp-block-spacer\"><\/div>\n\n\n\n<h4 class=\"wp-block-heading\">FOTOS RODATGE<\/h4>\n\n\n\n<div class=\"wp-block-group is-layout-constrained wp-block-group-is-layout-constrained\">\n<div class=\"wp-block-columns is-layout-flex wp-container-core-columns-is-layout-28f84493 wp-block-columns-is-layout-flex\">\n<div class=\"wp-block-column is-layout-flow wp-block-column-is-layout-flow\" style=\"flex-basis:100%\">\n<h4 class=\"wp-block-heading has-text-align-center has-white-color has-primary-background-color has-text-color has-background has-link-color wp-elements-67998f0a84732494562878949a5cd141\"><a href=\"https:\/\/flic.kr\/s\/aHskAiUeFK\" target=\"_blank\" rel=\"noreferrer noopener\">https:\/\/flic.kr\/s\/aHskAiUeFK<\/a><\/h4>\n<\/div>\n<\/div>\n<\/div>\n\n\n\n<div style=\"height:30px\" aria-hidden=\"true\" class=\"wp-block-spacer\"><\/div>\n\n\n\n<h4 class=\"wp-block-heading\">PROTAGONISTES (PER ORDRE ALFAB\u00c8TIC)<\/h4>\n\n\n\n<pre class=\"wp-block-preformatted has-cyan-bluish-gray-background-color has-background\">Alfred Crespo, David Lopez, Ernest Casals, I\u00f1aki Ferrer, Joan Luna, Jordi Bianciotto, Jos\u00e9 \u00c1ngel De La Villa, Juanjo Onofre, Luis Bestard, Marc Tena, Miguel P\u00e9rez, Oriol Serra, Patricia Serrano, Pedro Vizca\u00edno, Sergio Fuster, Steven Munar i Xavi Mart\u00ednez<\/pre>\n\n\n\n<div style=\"height:30px\" aria-hidden=\"true\" class=\"wp-block-spacer\"><\/div>\n\n\n\n<h4 class=\"wp-block-heading\">FITXA T\u00c8CNICA<\/h4>\n\n\n\n<pre class=\"wp-block-preformatted has-cyan-bluish-gray-background-color has-background\">DURADA: 68\u2032<br>G\u00c8NERE: Documental musical<br>FORMAT GRAVACI\u00d3: HD 16:9<br>FORMAT PROJECCI\u00d3: DCP, ProRes o H264<br>IDIOMA: catal\u00e0 i castell\u00e0<br>SUBT\u00cdTOLS: castell\u00e0 i angl\u00e8s<br>ANY: 2017<\/pre>\n\n\n\n<div style=\"height:30px\" aria-hidden=\"true\" class=\"wp-block-spacer\"><\/div>\n\n\n\n<h4 class=\"wp-block-heading\">EQUIP<\/h4>\n\n\n\n<pre class=\"wp-block-preformatted has-cyan-bluish-gray-background-color has-background\">C\u00c0MERES: Anthony Alnowara, Mar G\u00f3mez i Nando Caballero<br>SO DIRECTE: Vicen\u00e7 Ferreres, Montse Ben\u00edtez i Roger Riera<br>MUNTATGE D'\u00c0UDIO: Roger Riera<br>PRODUCCI\u00d3: Montse Ben\u00edtez<br>M\u00daSICA: Steven Munar i The Tea Servants<br>GUI\u00d3, MUNTATGE I DIRECCI\u00d3: Nando Caballero<\/pre>\n\n\n\n<div style=\"height:30px\" aria-hidden=\"true\" class=\"wp-block-spacer\"><\/div>\n\n\n\n<h6 class=\"wp-block-heading\">Una producci\u00f3 de La Produktiva Films<\/h6>\n","protected":false},"excerpt":{"rendered":"<p>La nova producci\u00f3 de La Produktiva Films s&#8217;anomena &#8220;The Miracle Boy. Steven Munar &#038; The Tea Servants&#8221; i ens presenta la figura del m\u00fasic anglo mallorqu\u00ed Steven Munar, l\u00edder la banda seminal dels noranta The Tea Servants. Aquesta formaci\u00f3 va tenir el seu espai a l&#8217;\u00e8poca dorada de l&#8217;indie espanyol, va tocar a diversos festivals com&#8230;<\/p>\n","protected":false},"author":1,"featured_media":2981,"parent":0,"menu_order":0,"comment_status":"closed","ping_status":"closed","template":"","meta":{"footnotes":""},"class_list":["post-111","page","type-page","status-publish","has-post-thumbnail","hentry"],"_links":{"self":[{"href":"https:\/\/www.laproduktiva.com\/films\/wp-json\/wp\/v2\/pages\/111","targetHints":{"allow":["GET"]}}],"collection":[{"href":"https:\/\/www.laproduktiva.com\/films\/wp-json\/wp\/v2\/pages"}],"about":[{"href":"https:\/\/www.laproduktiva.com\/films\/wp-json\/wp\/v2\/types\/page"}],"author":[{"embeddable":true,"href":"https:\/\/www.laproduktiva.com\/films\/wp-json\/wp\/v2\/users\/1"}],"replies":[{"embeddable":true,"href":"https:\/\/www.laproduktiva.com\/films\/wp-json\/wp\/v2\/comments?post=111"}],"version-history":[{"count":113,"href":"https:\/\/www.laproduktiva.com\/films\/wp-json\/wp\/v2\/pages\/111\/revisions"}],"predecessor-version":[{"id":2982,"href":"https:\/\/www.laproduktiva.com\/films\/wp-json\/wp\/v2\/pages\/111\/revisions\/2982"}],"wp:featuredmedia":[{"embeddable":true,"href":"https:\/\/www.laproduktiva.com\/films\/wp-json\/wp\/v2\/media\/2981"}],"wp:attachment":[{"href":"https:\/\/www.laproduktiva.com\/films\/wp-json\/wp\/v2\/media?parent=111"}],"curies":[{"name":"wp","href":"https:\/\/api.w.org\/{rel}","templated":true}]}}